{"id":1447,"date":"2021-06-22T06:33:14","date_gmt":"2021-06-22T06:33:14","guid":{"rendered":"https:\/\/bulwarkhero.com\/?page_id=1447"},"modified":"2021-07-09T07:35:06","modified_gmt":"2021-07-09T07:35:06","slug":"info-empresa","status":"publish","type":"page","link":"https:\/\/bulwarkhero.com\/es\/info-empresa\/","title":{"rendered":"Info Empresa"},"content":{"rendered":"\t\t<div data-elementor-type=\"wp-page\" data-elementor-id=\"1447\" class=\"elementor elementor-1447\" data-elementor-settings=\"[]\">\n\t\t\t\t\t\t\t<div class=\"elementor-section-wrap\">\n\t\t\t\t\t\t\t<section class=\"elementor-section elementor-top-section elementor-element elementor-element-31583dc elementor-section-height-min-height elementor-section-content-bottom elementor-section-boxed elementor-section-height-default elementor-section-items-middle\" data-id=\"31583dc\" data-element_type=\"section\" data-settings=\"{&quot;background_background&quot;:&quot;gradient&quot;}\">\n\t\t\t\t\t\t<div class=\"elementor-container elementor-column-gap-default\">\n\t\t\t\t\t<div class=\"elementor-column elementor-col-50 elementor-top-column elementor-element elementor-element-0b504eb\" data-id=\"0b504eb\" data-element_type=\"column\" data-settings=\"{&quot;background_background&quot;:&quot;classic&quot;}\">\n\t\t\t<div class=\"elementor-widget-wrap elementor-element-populated\">\n\t\t\t\t\t\t\t\t<div class=\"elementor-element elementor-element-55e268d elementor-widget elementor-widget-text-editor\" data-id=\"55e268d\" data-element_type=\"widget\" data-widget_type=\"text-editor.default\">\n\t\t\t\t<div class=\"elementor-widget-container\">\n\t\t\t\t\t\t\t\t\t\t\t\t\t\t<\/div>\n\t\t\t\t<\/div>\n\t\t\t\t\t<\/div>\n\t\t<\/div>\n\t\t\t\t<div class=\"elementor-column elementor-col-50 elementor-top-column elementor-element elementor-element-e888db6\" data-id=\"e888db6\" data-element_type=\"column\">\n\t\t\t<div class=\"elementor-widget-wrap elementor-element-populated\">\n\t\t\t\t\t\t\t\t<div class=\"elementor-element elementor-element-7be66d8 elementor-widget elementor-widget-image\" data-id=\"7be66d8\" data-element_type=\"widget\" data-widget_type=\"image.default\">\n\t\t\t\t<div class=\"elementor-widget-container\">\n\t\t\t\t\t\t\t\t\t\t\t\t\t\t\t<img width=\"600\" height=\"200\" src=\"https:\/\/bulwarkhero.com\/wp-content\/uploads\/2021\/06\/compania.png\" class=\"attachment-large size-large\" alt=\"Bulkwark Her\u00f4 Compa\u00f1ia\" loading=\"lazy\" srcset=\"https:\/\/bulwarkhero.com\/wp-content\/uploads\/2021\/06\/compania.png 600w, https:\/\/bulwarkhero.com\/wp-content\/uploads\/2021\/06\/compania-559x186.png 559w\" sizes=\"(max-width: 600px) 100vw, 600px\" \/>\t\t\t\t\t\t\t\t\t\t\t\t\t\t\t<\/div>\n\t\t\t\t<\/div>\n\t\t\t\t\t<\/div>\n\t\t<\/div>\n\t\t\t\t\t\t\t<\/div>\n\t\t<\/section>\n\t\t\t\t<section class=\"elementor-section elementor-top-section elementor-element elementor-element-8dbbc40 elementor-section-boxed elementor-section-height-default elementor-section-height-default\" data-id=\"8dbbc40\" data-element_type=\"section\">\n\t\t\t\t\t\t<div class=\"elementor-container elementor-column-gap-default\">\n\t\t\t\t\t<div class=\"elementor-column elementor-col-33 elementor-top-column elementor-element elementor-element-351af5f\" data-id=\"351af5f\" data-element_type=\"column\">\n\t\t\t<div class=\"elementor-widget-wrap elementor-element-populated\">\n\t\t\t\t\t\t\t\t<div class=\"elementor-element elementor-element-d1b3303 elementor-widget elementor-widget-image\" data-id=\"d1b3303\" data-element_type=\"widget\" data-widget_type=\"image.default\">\n\t\t\t\t<div class=\"elementor-widget-container\">\n\t\t\t\t\t\t\t\t\t\t\t\t\t\t\t<img src=\"https:\/\/bulwarkhero.com\/wp-content\/uploads\/2021\/05\/Roccoly.png\" title=\"Roccoly\" alt=\"Roccoly\" \/>\t\t\t\t\t\t\t\t\t\t\t\t\t\t\t<\/div>\n\t\t\t\t<\/div>\n\t\t\t\t\t<\/div>\n\t\t<\/div>\n\t\t\t\t<div class=\"elementor-column elementor-col-66 elementor-top-column elementor-element elementor-element-edea28a\" data-id=\"edea28a\" data-element_type=\"column\">\n\t\t\t<div class=\"elementor-widget-wrap elementor-element-populated\">\n\t\t\t\t\t\t\t\t<div class=\"elementor-element elementor-element-01dbf1f elementor-widget elementor-widget-text-editor\" data-id=\"01dbf1f\" data-element_type=\"widget\" data-widget_type=\"text-editor.default\">\n\t\t\t\t<div class=\"elementor-widget-container\">\n\t\t\t\t\t\t\t\t<p>Era el a\u00f1o 2020, y nos esperaba otro a\u00f1o ocupado hasta el 11 de marzo, cuando la Organizaci\u00f3n Mundial de la Salud declar\u00f3 al virus COVID-19 una pandemia. Desde ese d\u00eda en adelante, nuestro mundo cambi\u00f3 para siempre.<\/p><p>A medida que se propagaba el virus mortal, algunos encontraron inspiraci\u00f3n. Con una vasta experiencia en hoteler\u00eda y desarrollo de productos, un grupo de amigos de San Diego identific\u00f3 la necesidad urgente de ayudar a crear una soluci\u00f3n para revivir la industria hotelera de $ 3.41 billones de d\u00f3lares que se desplomaba.<\/p><p>Se reunieron por zoom durante horas interminables, se y inventaron una soluci\u00f3n novedosa (patentee en transicion) llamada Bulwark Her\u00f6. A trav\u00e9s de la resiliencia, la determinaci\u00f3n y el optimismo, Bulwark Her\u00f6 fue creado para conectar, liberar y abrir todas las posibilidades de estar juntos nuevamente.<\/p>\t\t\t\t\t\t<\/div>\n\t\t\t\t<\/div>\n\t\t\t\t\t<\/div>\n\t\t<\/div>\n\t\t\t\t\t\t\t<\/div>\n\t\t<\/section>\n\t\t\t\t<section class=\"elementor-section elementor-top-section elementor-element elementor-element-22d6625 elementor-section-boxed elementor-section-height-default elementor-section-height-default\" data-id=\"22d6625\" data-element_type=\"section\" data-settings=\"{&quot;background_background&quot;:&quot;classic&quot;}\">\n\t\t\t\t\t\t<div class=\"elementor-container elementor-column-gap-default\">\n\t\t\t\t\t<div class=\"elementor-column elementor-col-50 elementor-top-column elementor-element elementor-element-cdc470d\" data-id=\"cdc470d\" data-element_type=\"column\">\n\t\t\t<div class=\"elementor-widget-wrap elementor-element-populated\">\n\t\t\t\t\t\t\t\t<div class=\"elementor-element elementor-element-4e39084 elementor-widget elementor-widget-text-editor\" data-id=\"4e39084\" data-element_type=\"widget\" data-widget_type=\"text-editor.default\">\n\t\t\t\t<div class=\"elementor-widget-container\">\n\t\t\t\t\t\t\t\t<p class=\"p1\">Nuestra<\/p><p class=\"p1\">Historia<\/p>\t\t\t\t\t\t<\/div>\n\t\t\t\t<\/div>\n\t\t\t\t\t<\/div>\n\t\t<\/div>\n\t\t\t\t<div class=\"elementor-column elementor-col-50 elementor-top-column elementor-element elementor-element-9ac4d4e\" data-id=\"9ac4d4e\" data-element_type=\"column\">\n\t\t\t<div class=\"elementor-widget-wrap elementor-element-populated\">\n\t\t\t\t\t\t\t\t<div class=\"elementor-element elementor-element-868169a elementor-aspect-ratio-169 elementor-widget elementor-widget-video\" data-id=\"868169a\" data-element_type=\"widget\" data-settings=\"{&quot;youtube_url&quot;:&quot;https:\\\/\\\/youtu.be\\\/AX37lNXHXG0&quot;,&quot;video_type&quot;:&quot;youtube&quot;,&quot;controls&quot;:&quot;yes&quot;,&quot;aspect_ratio&quot;:&quot;169&quot;}\" data-widget_type=\"video.default\">\n\t\t\t\t<div class=\"elementor-widget-container\">\n\t\t\t\t\t<div class=\"elementor-wrapper elementor-fit-aspect-ratio elementor-open-inline\">\n\t\t\t<div class=\"elementor-video\"><\/div>\t\t<\/div>\n\t\t\t\t<\/div>\n\t\t\t\t<\/div>\n\t\t\t\t\t<\/div>\n\t\t<\/div>\n\t\t\t\t\t\t\t<\/div>\n\t\t<\/section>\n\t\t\t\t\t\t<\/div>\n\t\t\t\t\t<\/div>\n\t\t","protected":false},"excerpt":{"rendered":"<p>Era el a\u00f1o 2020, y nos esperaba otro a\u00f1o ocupado hasta el 11 de marzo, cuando la Organizaci\u00f3n Mundial de [&hellip;]<\/p>\n","protected":false},"author":1,"featured_media":0,"parent":0,"menu_order":0,"comment_status":"closed","ping_status":"closed","template":"","meta":{"_coblocks_attr":"","_coblocks_dimensions":"","_coblocks_responsive_height":"","_coblocks_accordion_ie_support":""},"_links":{"self":[{"href":"https:\/\/bulwarkhero.com\/es\/wp-json\/wp\/v2\/pages\/1447"}],"collection":[{"href":"https:\/\/bulwarkhero.com\/es\/wp-json\/wp\/v2\/pages"}],"about":[{"href":"https:\/\/bulwarkhero.com\/es\/wp-json\/wp\/v2\/types\/page"}],"author":[{"embeddable":true,"href":"https:\/\/bulwarkhero.com\/es\/wp-json\/wp\/v2\/users\/1"}],"replies":[{"embeddable":true,"href":"https:\/\/bulwarkhero.com\/es\/wp-json\/wp\/v2\/comments?post=1447"}],"version-history":[{"count":18,"href":"https:\/\/bulwarkhero.com\/es\/wp-json\/wp\/v2\/pages\/1447\/revisions"}],"predecessor-version":[{"id":1643,"href":"https:\/\/bulwarkhero.com\/es\/wp-json\/wp\/v2\/pages\/1447\/revisions\/1643"}],"wp:attachment":[{"href":"https:\/\/bulwarkhero.com\/es\/wp-json\/wp\/v2\/media?parent=1447"}],"curies":[{"name":"wp","href":"https:\/\/api.w.org\/{rel}","templated":true}]}}